{"id":2308,"date":"2022-03-02T19:11:49","date_gmt":"2022-03-02T18:11:49","guid":{"rendered":"https:\/\/studiozooloo.com\/?page_id=2308"},"modified":"2024-07-29T16:51:04","modified_gmt":"2024-07-29T14:51:04","slug":"rgpd","status":"publish","type":"page","link":"https:\/\/studiozooloo.com\/index.php\/rgpd\/","title":{"rendered":"RGPD"},"content":{"rendered":"\t\t<div data-elementor-type=\"wp-page\" data-elementor-id=\"2308\" class=\"elementor elementor-2308\">\n\t\t\t\t\t\t<section class=\"elementor-section elementor-top-section elementor-element elementor-element-8eabda8 elementor-section-boxed elementor-section-height-default elementor-section-height-default wpr-particle-no wpr-jarallax-no wpr-parallax-no wpr-sticky-section-no\" data-id=\"8eabda8\" data-element_type=\"section\">\n\t\t\t\t\t\t<div class=\"elementor-container elementor-column-gap-default\">\n\t\t\t\t\t<div class=\"elementor-column elementor-col-100 elementor-top-column elementor-element elementor-element-7d1a0a7\" data-id=\"7d1a0a7\" data-element_type=\"column\">\n\t\t\t<div class=\"elementor-widget-wrap elementor-element-populated\">\n\t\t\t\t\t\t<div class=\"elementor-element elementor-element-5a5ca15 elementor-widget elementor-widget-spacer\" data-id=\"5a5ca15\" data-element_type=\"widget\" data-widget_type=\"spacer.default\">\n\t\t\t\t<div class=\"elementor-widget-container\">\n\t\t\t\t\t\t\t<div class=\"elementor-spacer\">\n\t\t\t<div class=\"elementor-spacer-inner\"><\/div>\n\t\t<\/div>\n\t\t\t\t\t\t<\/div>\n\t\t\t\t<\/div>\n\t\t\t\t<div class=\"elementor-element elementor-element-b35d032 elementor-widget elementor-widget-heading\" data-id=\"b35d032\" data-element_type=\"widget\" data-widget_type=\"heading.default\">\n\t\t\t\t<div class=\"elementor-widget-container\">\n\t\t\t\t\t<h1 class=\"elementor-heading-title elementor-size-default\">Politique de confidentialit\u00e9<\/h1>\t\t\t\t<\/div>\n\t\t\t\t<\/div>\n\t\t\t\t<div class=\"elementor-element elementor-element-6911441 elementor-widget elementor-widget-text-editor\" data-id=\"6911441\" data-element_type=\"widget\" data-widget_type=\"text-editor.default\">\n\t\t\t\t<div class=\"elementor-widget-container\">\n\t\t\t\t\t\t\t\t\t<p><strong>Qui sommes-nous ?<br \/><\/strong><span style=\"font-size: 16px; font-style: normal; font-weight: 400;\">L&rsquo;adresse de notre site Web est : https:\/\/studiozooloo.com<br \/><\/span><strong><br \/>Consentement<\/strong><br \/>En s\u2019inscrivant \u00e0 nos services ou en remplissant un formulaire de contact sur notre site, vous convenez et acceptez que studio zooloo puisse recueillir, traiter, stocker et\/ou utiliser les donn\u00e9es personnelles soumises.. En nous donnant votre consentement, vous conservez \u00e9galement le droit de rectification, le droit \u00e0 l\u2019oubli et\/ou le droit \u00e0 la suppression de vos donn\u00e9es personnelles.<\/p><p><strong>Finalit\u00e9 des traitements<\/strong><br \/>Vos donn\u00e9es personnelles sont collect\u00e9es sur ce site pour vous offrir un service personnalis\u00e9.<br \/>A cette fin, vous acceptez que nous puissions utiliser vos donn\u00e9es personnelles pour :<br \/>\u2013 vous envoyer nos propositions commerciales<br \/>\u2013 r\u00e9soudre les \u00e9ventuels probl\u00e8mes afin d\u2019am\u00e9liorer l\u2019utilisation de notre site<br \/>\u2013 vous informer sur nos services<br \/>\u2013 respecter nos obligations l\u00e9gales et r\u00e9glementaires<\/p><p><strong>Destinataire des donn\u00e9es personnelles\u00a0<\/strong><br \/>Studio zooloo s\u2019engage \u00e0 ne pas louer, vendre ou c\u00e9der \u00e0 des tiers les donn\u00e9es personnelles que vous transmettez via les formulaires de contact de ce site Internet.\u00a0Les donn\u00e9es personnelles vous concernant collect\u00e9es sur le site sont destin\u00e9es \u00e0 l\u2019utilisation exclusive de studio zooloo.<\/p><p><strong>Utilisation des cookies<br \/><\/strong>Studio zooloo utilise les cookies et le tracking pour mesurer ses audiences.<br \/>Les cookies sont des fichiers enregistr\u00e9s sur le disque dur de votre ordinateur lors de votre navigation sur Internet et notamment sur le site. Un cookie ne sert pas \u00e0 recueillir des donn\u00e9es personnelles \u00e0 votre insu mais \u00e0 enregistrer des informations relatives \u00e0 votre navigation sur le site qui pourront \u00eatre directement lues par studio zooloo lors de vos visites et requ\u00eates ult\u00e9rieures sur le site.<\/p><p>L\u2019utilisateur peut d\u00e9sactiver l\u2019utilisation de cookies en s\u00e9lectionnant les param\u00e8tres appropri\u00e9s de son navigateur. Cependant, une telle d\u00e9sactivation pourrait emp\u00eacher l\u2019utilisation de certaines fonctionnalit\u00e9s de ce site.\u00a0<br \/>L\u2019utilisateur est inform\u00e9 qu\u2019il peut s\u2019opposer \u00e0 l\u2019enregistrement de \u00ab cookies \u00bb en configurant son navigateur de la mani\u00e8re suivante :<br \/><strong>Mozilla Firefox<\/strong> &gt; Choisir le menu \u00ab outil \u00bb puis \u00ab Options \u00bb &gt; Ic\u00f4ne \u00ab vie priv\u00e9e \u00bb<br \/><strong>Safari<\/strong> (utilisateurs de MAC) &gt; Menu \u00ab Pr\u00e9f\u00e9rences\u00a0\u00bb &gt;\u00a0Onglet\u00a0\u00ab Confidentialit\u00e9 \u00a0\u00bb Bloquer tous les cookies<br \/><strong>Google Chrome<\/strong> &gt; Menu \u00ab Param\u00e8tres avanc\u00e9s\u00a0\u00bb &gt;\u00a0Onglet\u00a0\u00ab Confidentialit\u00e9 et s\u00e9curit\u00e9\u00a0\u00bb<\/p><p><strong>Cookies internes n\u00e9cessaires au site pour fonctionner<br \/><\/strong>Ces cookies permettent au site de fonctionner de mani\u00e8re optimale. Vous pouvez vous y opposer et les supprimer en utilisant les param\u00e8tres de votre navigateur, cependant votre exp\u00e9rience utilisateur risque d\u2019\u00eatre d\u00e9grad\u00e9e.<\/p><p><strong>Cookies de mesure d\u2019audience<\/strong><br \/>Ce site utilise Google Analytics, le service de statistiques de Google<br \/>Google Analytics utilise des cookies pour aider studio zooloo \u00e0 analyser la fr\u00e9quentation et l\u2019utilisation du site par ses utilisateurs.<\/p>\t\t\t\t\t\t\t\t<\/div>\n\t\t\t\t<\/div>\n\t\t\t\t<div class=\"elementor-element elementor-element-a067f09 elementor-widget elementor-widget-spacer\" data-id=\"a067f09\" data-element_type=\"widget\" data-widget_type=\"spacer.default\">\n\t\t\t\t<div class=\"elementor-widget-container\">\n\t\t\t\t\t\t\t<div class=\"elementor-spacer\">\n\t\t\t<div class=\"elementor-spacer-inner\"><\/div>\n\t\t<\/div>\n\t\t\t\t\t\t<\/div>\n\t\t\t\t<\/div>\n\t\t\t\t\t<\/div>\n\t\t<\/div>\n\t\t\t\t\t<\/div>\n\t\t<\/section>\n\t\t\t\t<\/div>\n\t\t","protected":false},"excerpt":{"rendered":"<p>Politique de confidentialit\u00e9 Qui sommes-nous ?L&rsquo;adresse de notre site Web est : https:\/\/studiozooloo.comConsentementEn s\u2019inscrivant \u00e0 nos services ou en remplissant un formulaire de contact sur notre site, vous convenez et acceptez que studio zooloo puisse recueillir, traiter, stocker et\/ou utiliser les donn\u00e9es personnelles soumises.. En nous donnant votre consentement, vous conservez \u00e9galement le droit de rectification, le droit \u00e0 l\u2019oubli et\/ou le droit \u00e0 la suppression de vos donn\u00e9es personnelles. Finalit\u00e9 des traitementsVos donn\u00e9es personnelles sont collect\u00e9es sur ce site pour vous offrir un service personnalis\u00e9.A cette fin, vous acceptez que nous puissions utiliser vos donn\u00e9es personnelles pour :\u2013 vous envoyer nos propositions commerciales\u2013 r\u00e9soudre les \u00e9ventuels probl\u00e8mes afin d\u2019am\u00e9liorer l\u2019utilisation de notre site\u2013 vous informer sur nos services\u2013 respecter nos obligations l\u00e9gales et r\u00e9glementaires Destinataire des donn\u00e9es personnelles\u00a0Studio zooloo s\u2019engage \u00e0 ne pas louer, vendre ou c\u00e9der \u00e0 des tiers les donn\u00e9es personnelles que vous transmettez via les formulaires de contact de ce site Internet.\u00a0Les donn\u00e9es personnelles vous concernant collect\u00e9es sur le site sont destin\u00e9es \u00e0 l\u2019utilisation exclusive de studio zooloo. Utilisation des cookiesStudio zooloo utilise les cookies et le tracking pour mesurer ses audiences.Les cookies sont des fichiers enregistr\u00e9s sur le disque dur de votre ordinateur lors de votre navigation sur Internet et notamment sur le site. Un cookie ne sert pas \u00e0 recueillir des donn\u00e9es personnelles \u00e0 votre insu mais \u00e0 enregistrer des informations relatives \u00e0 votre navigation sur le site qui pourront \u00eatre directement lues par studio zooloo lors de vos visites et requ\u00eates ult\u00e9rieures sur le site. L\u2019utilisateur peut d\u00e9sactiver l\u2019utilisation de cookies en s\u00e9lectionnant les param\u00e8tres appropri\u00e9s de son navigateur. Cependant, une telle d\u00e9sactivation pourrait emp\u00eacher l\u2019utilisation de certaines fonctionnalit\u00e9s de ce site.\u00a0L\u2019utilisateur est inform\u00e9 qu\u2019il peut s\u2019opposer \u00e0 l\u2019enregistrement de \u00ab cookies \u00bb en configurant son navigateur de la mani\u00e8re suivante :Mozilla Firefox &gt; Choisir le menu \u00ab outil \u00bb puis \u00ab Options \u00bb &gt; Ic\u00f4ne \u00ab vie priv\u00e9e \u00bbSafari (utilisateurs de MAC) &gt; Menu \u00ab Pr\u00e9f\u00e9rences\u00a0\u00bb &gt;\u00a0Onglet\u00a0\u00ab Confidentialit\u00e9 \u00a0\u00bb Bloquer tous les cookiesGoogle Chrome &gt; Menu \u00ab Param\u00e8tres avanc\u00e9s\u00a0\u00bb &gt;\u00a0Onglet\u00a0\u00ab Confidentialit\u00e9 et s\u00e9curit\u00e9\u00a0\u00bb Cookies internes n\u00e9cessaires au site pour fonctionnerCes cookies permettent au site de fonctionner de mani\u00e8re optimale. Vous pouvez vous y opposer et les supprimer en utilisant les param\u00e8tres de votre navigateur, cependant votre exp\u00e9rience utilisateur risque d\u2019\u00eatre d\u00e9grad\u00e9e. Cookies de mesure d\u2019audienceCe site utilise Google Analytics, le service de statistiques de GoogleGoogle Analytics utilise des cookies pour aider studio zooloo \u00e0 analyser la fr\u00e9quentation et l\u2019utilisation du site par ses utilisateurs.<\/p>\n","protected":false},"author":1,"featured_media":0,"parent":0,"menu_order":0,"comment_status":"closed","ping_status":"closed","template":"","meta":{"_monsterinsights_skip_tracking":false,"_monsterinsights_sitenote_active":false,"_monsterinsights_sitenote_note":"","_monsterinsights_sitenote_category":0,"site-sidebar-layout":"no-sidebar","site-content-layout":"page-builder","ast-site-content-layout":"default","site-content-style":"default","site-sidebar-style":"default","ast-global-header-display":"","ast-banner-title-visibility":"","ast-main-header-display":"","ast-hfb-above-header-display":"","ast-hfb-below-header-display":"","ast-hfb-mobile-header-display":"","site-post-title":"disabled","ast-breadcrumbs-content":"","ast-featured-img":"disabled","footer-sml-layout":"","theme-transparent-header-meta":"","adv-header-id-meta":"","stick-header-meta":"","header-above-stick-meta":"","header-main-stick-meta":"","header-below-stick-meta":"","astra-migrate-meta-layouts":"default","ast-page-background-enabled":"default","ast-page-background-meta":{"desktop":{"background-color":"var(--ast-global-color-4)","background-image":"","background-repeat":"repeat","background-position":"center center","background-size":"auto","background-attachment":"scroll","background-type":"","background-media":"","overlay-type":"","overlay-color":"","overlay-opacity":"","overlay-gradient":""},"tablet":{"background-color":"","background-image":"","background-repeat":"repeat","background-position":"center center","background-size":"auto","background-attachment":"scroll","background-type":"","background-media":"","overlay-type":"","overlay-color":"","overlay-opacity":"","overlay-gradient":""},"mobile":{"background-color":"","background-image":"","background-repeat":"repeat","background-position":"center center","background-size":"auto","background-attachment":"scroll","background-type":"","background-media":"","overlay-type":"","overlay-color":"","overlay-opacity":"","overlay-gradient":""}},"ast-content-background-meta":{"desktop":{"background-color":"var(--ast-global-color-5)","background-image":"","background-repeat":"repeat","background-position":"center center","background-size":"auto","background-attachment":"scroll","background-type":"","background-media":"","overlay-type":"","overlay-color":"","overlay-opacity":"","overlay-gradient":""},"tablet":{"background-color":"var(--ast-global-color-5)","background-image":"","background-repeat":"repeat","background-position":"center center","background-size":"auto","background-attachment":"scroll","background-type":"","background-media":"","overlay-type":"","overlay-color":"","overlay-opacity":"","overlay-gradient":""},"mobile":{"background-color":"var(--ast-global-color-5)","background-image":"","background-repeat":"repeat","background-position":"center center","background-size":"auto","background-attachment":"scroll","background-type":"","background-media":"","overlay-type":"","overlay-color":"","overlay-opacity":"","overlay-gradient":""}},"footnotes":""},"class_list":["post-2308","page","type-page","status-publish","hentry"],"yoast_head":"<!-- This site is optimized with the Yoast SEO plugin v26.3 - https:\/\/yoast.com\/wordpress\/plugins\/seo\/ -->\n<title>Agence de communication \u00e0 Dijon- Sites Internet CMS sur-mesure, marketing digital, r\u00e9seaux sociaux pour les TPE, PME, associations, ind\u00e9pendants<\/title>\n<meta name=\"description\" content=\"Choisir les bons canaux et les bons supports de communication demande de l&#039;expertise, nous vous proposons de vous accompagner dans ces choix pour votre entreprise\" \/>\n<meta name=\"robots\" content=\"index, follow, max-snippet:-1, max-image-preview:large, max-video-preview:-1\" \/>\n<link rel=\"canonical\" href=\"https:\/\/studiozooloo.com\/index.php\/rgpd\/\" \/>\n<meta property=\"og:locale\" content=\"fr_FR\" \/>\n<meta property=\"og:type\" content=\"article\" \/>\n<meta property=\"og:title\" content=\"Agence de communication \u00e0 Dijon- Sites Internet CMS sur-mesure, marketing digital, r\u00e9seaux sociaux pour les TPE, PME, associations, ind\u00e9pendants\" \/>\n<meta property=\"og:description\" content=\"Choisir les bons canaux et les bons supports de communication demande de l&#039;expertise, nous vous proposons de vous accompagner dans ces choix pour votre entreprise\" \/>\n<meta property=\"og:url\" content=\"https:\/\/studiozooloo.com\/index.php\/rgpd\/\" \/>\n<meta property=\"og:site_name\" content=\"Photographe ind\u00e9pendant \u00e0 Dijon\" \/>\n<meta property=\"article:publisher\" content=\"https:\/\/www.facebook.com\/profile.php?id=100046685297795\" \/>\n<meta property=\"article:modified_time\" content=\"2024-07-29T14:51:04+00:00\" \/>\n<meta name=\"twitter:card\" content=\"summary_large_image\" \/>\n<meta name=\"twitter:label1\" content=\"Dur\u00e9e de lecture estim\u00e9e\" \/>\n\t<meta name=\"twitter:data1\" content=\"3 minutes\" \/>\n<script type=\"application\/ld+json\" class=\"yoast-schema-graph\">{\"@context\":\"https:\/\/schema.org\",\"@graph\":[{\"@type\":\"WebPage\",\"@id\":\"https:\/\/studiozooloo.com\/index.php\/rgpd\/\",\"url\":\"https:\/\/studiozooloo.com\/index.php\/rgpd\/\",\"name\":\"Agence de communication \u00e0 Dijon- Sites Internet CMS sur-mesure, marketing digital, r\u00e9seaux sociaux pour les TPE, PME, associations, ind\u00e9pendants\",\"isPartOf\":{\"@id\":\"https:\/\/studiozooloo.com\/#website\"},\"datePublished\":\"2022-03-02T18:11:49+00:00\",\"dateModified\":\"2024-07-29T14:51:04+00:00\",\"description\":\"Choisir les bons canaux et les bons supports de communication demande de l'expertise, nous vous proposons de vous accompagner dans ces choix pour votre entreprise\",\"breadcrumb\":{\"@id\":\"https:\/\/studiozooloo.com\/index.php\/rgpd\/#breadcrumb\"},\"inLanguage\":\"fr-FR\",\"potentialAction\":[{\"@type\":\"ReadAction\",\"target\":[\"https:\/\/studiozooloo.com\/index.php\/rgpd\/\"]}]},{\"@type\":\"BreadcrumbList\",\"@id\":\"https:\/\/studiozooloo.com\/index.php\/rgpd\/#breadcrumb\",\"itemListElement\":[{\"@type\":\"ListItem\",\"position\":1,\"name\":\"Accueil\",\"item\":\"https:\/\/studiozooloo.com\/\"},{\"@type\":\"ListItem\",\"position\":2,\"name\":\"RGPD\"}]},{\"@type\":\"WebSite\",\"@id\":\"https:\/\/studiozooloo.com\/#website\",\"url\":\"https:\/\/studiozooloo.com\/\",\"name\":\"studiozooloo.com\",\"description\":\"Photographe ind\u00e9pendant \u00e0 Dijon\",\"publisher\":{\"@id\":\"https:\/\/studiozooloo.com\/#organization\"},\"potentialAction\":[{\"@type\":\"SearchAction\",\"target\":{\"@type\":\"EntryPoint\",\"urlTemplate\":\"https:\/\/studiozooloo.com\/?s={search_term_string}\"},\"query-input\":{\"@type\":\"PropertyValueSpecification\",\"valueRequired\":true,\"valueName\":\"search_term_string\"}}],\"inLanguage\":\"fr-FR\"},{\"@type\":\"Organization\",\"@id\":\"https:\/\/studiozooloo.com\/#organization\",\"name\":\"Studio zooloo, communication digitale & r\u00e9seaux sociaux\",\"url\":\"https:\/\/studiozooloo.com\/\",\"logo\":{\"@type\":\"ImageObject\",\"inLanguage\":\"fr-FR\",\"@id\":\"https:\/\/studiozooloo.com\/#\/schema\/logo\/image\/\",\"url\":\"https:\/\/studiozooloo.com\/wp-content\/uploads\/2025\/11\/cropped-gilles-michel-photogrphe-a-Dijon-3.jpg\",\"contentUrl\":\"https:\/\/studiozooloo.com\/wp-content\/uploads\/2025\/11\/cropped-gilles-michel-photogrphe-a-Dijon-3.jpg\",\"width\":500,\"height\":112,\"caption\":\"Studio zooloo, communication digitale & r\u00e9seaux sociaux\"},\"image\":{\"@id\":\"https:\/\/studiozooloo.com\/#\/schema\/logo\/image\/\"},\"sameAs\":[\"https:\/\/www.facebook.com\/profile.php?id=100046685297795\",\"https:\/\/www.instagram.com\/studiozooloo\/\",\"https:\/\/www.linkedin.com\/company\/studio-zooloo\/\"]}]}<\/script>\n<!-- \/ Yoast SEO plugin. -->","yoast_head_json":{"title":"Agence de communication \u00e0 Dijon- Sites Internet CMS sur-mesure, marketing digital, r\u00e9seaux sociaux pour les TPE, PME, associations, ind\u00e9pendants","description":"Choisir les bons canaux et les bons supports de communication demande de l'expertise, nous vous proposons de vous accompagner dans ces choix pour votre entreprise","robots":{"index":"index","follow":"follow","max-snippet":"max-snippet:-1","max-image-preview":"max-image-preview:large","max-video-preview":"max-video-preview:-1"},"canonical":"https:\/\/studiozooloo.com\/index.php\/rgpd\/","og_locale":"fr_FR","og_type":"article","og_title":"Agence de communication \u00e0 Dijon- Sites Internet CMS sur-mesure, marketing digital, r\u00e9seaux sociaux pour les TPE, PME, associations, ind\u00e9pendants","og_description":"Choisir les bons canaux et les bons supports de communication demande de l'expertise, nous vous proposons de vous accompagner dans ces choix pour votre entreprise","og_url":"https:\/\/studiozooloo.com\/index.php\/rgpd\/","og_site_name":"Photographe ind\u00e9pendant \u00e0 Dijon","article_publisher":"https:\/\/www.facebook.com\/profile.php?id=100046685297795","article_modified_time":"2024-07-29T14:51:04+00:00","twitter_card":"summary_large_image","twitter_misc":{"Dur\u00e9e de lecture estim\u00e9e":"3 minutes"},"schema":{"@context":"https:\/\/schema.org","@graph":[{"@type":"WebPage","@id":"https:\/\/studiozooloo.com\/index.php\/rgpd\/","url":"https:\/\/studiozooloo.com\/index.php\/rgpd\/","name":"Agence de communication \u00e0 Dijon- Sites Internet CMS sur-mesure, marketing digital, r\u00e9seaux sociaux pour les TPE, PME, associations, ind\u00e9pendants","isPartOf":{"@id":"https:\/\/studiozooloo.com\/#website"},"datePublished":"2022-03-02T18:11:49+00:00","dateModified":"2024-07-29T14:51:04+00:00","description":"Choisir les bons canaux et les bons supports de communication demande de l'expertise, nous vous proposons de vous accompagner dans ces choix pour votre entreprise","breadcrumb":{"@id":"https:\/\/studiozooloo.com\/index.php\/rgpd\/#breadcrumb"},"inLanguage":"fr-FR","potentialAction":[{"@type":"ReadAction","target":["https:\/\/studiozooloo.com\/index.php\/rgpd\/"]}]},{"@type":"BreadcrumbList","@id":"https:\/\/studiozooloo.com\/index.php\/rgpd\/#breadcrumb","itemListElement":[{"@type":"ListItem","position":1,"name":"Accueil","item":"https:\/\/studiozooloo.com\/"},{"@type":"ListItem","position":2,"name":"RGPD"}]},{"@type":"WebSite","@id":"https:\/\/studiozooloo.com\/#website","url":"https:\/\/studiozooloo.com\/","name":"studiozooloo.com","description":"Photographe ind\u00e9pendant \u00e0 Dijon","publisher":{"@id":"https:\/\/studiozooloo.com\/#organization"},"potentialAction":[{"@type":"SearchAction","target":{"@type":"EntryPoint","urlTemplate":"https:\/\/studiozooloo.com\/?s={search_term_string}"},"query-input":{"@type":"PropertyValueSpecification","valueRequired":true,"valueName":"search_term_string"}}],"inLanguage":"fr-FR"},{"@type":"Organization","@id":"https:\/\/studiozooloo.com\/#organization","name":"Studio zooloo, communication digitale & r\u00e9seaux sociaux","url":"https:\/\/studiozooloo.com\/","logo":{"@type":"ImageObject","inLanguage":"fr-FR","@id":"https:\/\/studiozooloo.com\/#\/schema\/logo\/image\/","url":"https:\/\/studiozooloo.com\/wp-content\/uploads\/2025\/11\/cropped-gilles-michel-photogrphe-a-Dijon-3.jpg","contentUrl":"https:\/\/studiozooloo.com\/wp-content\/uploads\/2025\/11\/cropped-gilles-michel-photogrphe-a-Dijon-3.jpg","width":500,"height":112,"caption":"Studio zooloo, communication digitale & r\u00e9seaux sociaux"},"image":{"@id":"https:\/\/studiozooloo.com\/#\/schema\/logo\/image\/"},"sameAs":["https:\/\/www.facebook.com\/profile.php?id=100046685297795","https:\/\/www.instagram.com\/studiozooloo\/","https:\/\/www.linkedin.com\/company\/studio-zooloo\/"]}]}},"_links":{"self":[{"href":"https:\/\/studiozooloo.com\/index.php\/wp-json\/wp\/v2\/pages\/2308","targetHints":{"allow":["GET"]}}],"collection":[{"href":"https:\/\/studiozooloo.com\/index.php\/wp-json\/wp\/v2\/pages"}],"about":[{"href":"https:\/\/studiozooloo.com\/index.php\/wp-json\/wp\/v2\/types\/page"}],"author":[{"embeddable":true,"href":"https:\/\/studiozooloo.com\/index.php\/wp-json\/wp\/v2\/users\/1"}],"replies":[{"embeddable":true,"href":"https:\/\/studiozooloo.com\/index.php\/wp-json\/wp\/v2\/comments?post=2308"}],"version-history":[{"count":9,"href":"https:\/\/studiozooloo.com\/index.php\/wp-json\/wp\/v2\/pages\/2308\/revisions"}],"predecessor-version":[{"id":4821,"href":"https:\/\/studiozooloo.com\/index.php\/wp-json\/wp\/v2\/pages\/2308\/revisions\/4821"}],"wp:attachment":[{"href":"https:\/\/studiozooloo.com\/index.php\/wp-json\/wp\/v2\/media?parent=2308"}],"curies":[{"name":"wp","href":"https:\/\/api.w.org\/{rel}","templated":true}]}}